{"id":22,"date":"2016-10-21T13:58:46","date_gmt":"2016-10-21T13:58:46","guid":{"rendered":"http:\/\/www.tattooshowtwente.nl\/?page_id=22"},"modified":"2017-07-07T11:04:14","modified_gmt":"2017-07-07T11:04:14","slug":"huisregels","status":"publish","type":"page","link":"http:\/\/www.tattooshowtwente.nl\/de_DE\/huisregels\/","title":{"rendered":"Hausordnung"},"content":{"rendered":"<p><strong>Hausordnung Tattoo Show Twente<\/strong> Um eine gute Show zu haben, sind wir verpflichtet, ein Hausordnung zu etablieren.<\/p>\n<ul>\n<li>Betreten dieser Veranstaltung geschiedt auf eigene Risiko. Die Organisation \u00fcbernimmt keine Haftung.<\/li>\n<li>Im Rahmen dieser Veranstaltung werden wir mit Armb\u00e4ndern als Eintrittskarte arbeiten. Dieses Ticket ist f\u00fcr 1 Tag g\u00fcltig. Nach der Eintritt werden Sie gebeten, das Armband um das Handgelenk zu legen und lassen Sie es den ganzen Tag sitzen. Wenn Sie nicht ein Armband bei einer Pr\u00fcfung nachweisen k\u00f6nnen, werden Sie gebeten, das Event zu verlassen. Erlauben Sie sich eine T\u00e4towierung auf dem Unterarm w\u00e4hrend der Veranstaltung zu bekommen, legen Sie vorzugsweise das Armband auf dem anderen Arm.<\/li>\n<li>Kinder bis zum Alter von 18 Jahren sind nur zur Show zugelassen wenn von einem Elternteil oder Erziehungsberechtigten begleitet. Ausweis Kontrollen werden stattfinden, um dem \u00e4lter und die Beziehung zu kontrollieren. Alter Kontrollen sind obligatorisch in Verbindung mit Alkohol zu erhalten. Legal Alkoholkonsum in den Niederlanden ist 18 Jahre und \u00e4lter.<\/li>\n<li>MC Colors sind w\u00e4hrend der Veranstaltung verboten. Jeder Ausdruck solche Clubs m\u00fcssen fehlen. Falls vorhanden, wird der Zugang zu dem Ereignis verweigert oder der Person wird zu verlassen gefragt.<\/li>\n<li>Auf dem Gel\u00e4nde der Expo Twente ist es verboten Produkte oder Dienstleistungen als Besucher zu verkaufen oder anzubieten. Werbeartikel und Proben sind auch verboten. Wenn Sie m\u00f6chten, etwas zu unseren Besuchern zu bieten, k\u00f6nnen Sie als Anbieter melden.<\/li>\n<li>Die Organisation nimmt keine Verantwortung wegen Vereinbarungen oder gekaufte Produkte zwischen Besuchern und Teilnehmern. Wenn Sie Probleme mit einem Produkt \/ Dienstleistung haben die Sie w\u00e4hrend dieser Show erworben haben, nehmen Sie bitte Kontakt auf mit dem Verk\u00e4ufer \/ K\u00fcnstler.<\/li>\n<li>W\u00e4hrend der Veranstaltung ist es erlaubt, Bilder \/ Videos f\u00fcr den privaten Gebrauch zu nehmen, aber nicht mit professionellen Foto \/ Video-Ger\u00e4te. Wenn Sie einen K\u00fcnstler oder eine Person w\u00e4hrend einer T\u00e4towierung fotografieren m\u00f6chten, fragen Sie immer auf Vorhand um Erlaubnis. Haben Sie sch\u00f6ne Fotos \/ Videos gemacht w\u00e4hrend der Veranstaltung und m\u00f6chten Sie diese teilen mit uns? Nach der Veranstaltung werden wir eine spezielle E-Mail-Adresse \u00f6ffnen, in dem Sie gesendet werden k\u00f6nnen. Eine Auswahl wird dann auf der Website ver\u00f6ffentlicht. Professionelle Fotografen k\u00f6nnen auf der Website registrieren. Sie werden dann einen Presseausweis erhalten, wenn akzeptiert.<\/li>\n<li>Rauchen ist auf dem Gel\u00e4nde der Expo Twente verboten. Sie sind berechtigt, nach drau\u00dfen zu gehen eine Zigarette zu rauchen. Das Armband erm\u00f6glicht es Ihnen, der Show neu einzugehen, falls nicht besch\u00e4digt.<\/li>\n<li>Keine Tiere in die Expo Twente erlaubt. Hilf- und Blindenhunde sind davon ausgenommen.<\/li>\n<li>Mitgebrachte Speisen und Getr\u00e4nke sind nicht erlaubt. Sie k\u00f6nnen die vorhandene Gastronomie nutzen.<\/li>\n<li>Essen und Trinken in der Tattoo-St\u00e4nden ist nicht erlaubt wegen das Niederl\u00e4ndische Ges\u00e4tz. Expo Twente hat einen separaten Bereich, in dem Sie einen Snack und einen Drink genie\u00dfen k\u00f6nnen.<\/li>\n<li>Drogen sind nicht erlaubt. Im Besitz oder unter dem Einfluss von Drogen zu sein, Ergibt in einen Anzeige bei die Polizei und die Entfernung von der Veranstaltung.<\/li>\n<li>Schlechtes benehmen und \u00fcberm\u00e4\u00dfigen Alkoholkonsum wird nicht toleriert. Sobald Sie sich schlecht benehmen werden Sie von der Veranstaltung entfernt werden. Wir wollen eine positive Erfahrung f\u00fcr Sie und die anderen Besucher.<\/li>\n<li>F\u00fcr Ihre und unsere Sicherheit wird am Eingang kontrolliert werden. Diese Kontrolle wird bestehen aus Visitation von Ihnen und Ihrem Hab und Gut. Auch wird die Security in der Ausstellungshalle vorhanden sein.<\/li>\n<\/ul>\n<p>Wir w\u00fcnschen allen Besuchern einen angenehmen Tag \/ Wochenende w\u00e4hrend dieser Show!<\/p>\n","protected":false},"excerpt":{"rendered":"<p><strong>Hausordnung Tattoo Show Twente<\/strong> Um eine gute Show zu haben, sind wir verpflichtet, ein Hausordnung zu etablieren.<\/p>\n<ul>\n<li>Betreten dieser Veranstaltung geschiedt auf eigene Risiko. Die Organisation \u00fcbernimmt keine Haftung.<\/li>\n<p><...\n<\/p>\n","protected":false},"author":1,"featured_media":0,"parent":0,"menu_order":0,"comment_status":"closed","ping_status":"closed","template":"","meta":{"footnotes":""},"categories":[],"tags":[],"class_list":["post-22","page","type-page","status-publish","hentry"],"_links":{"self":[{"href":"http:\/\/www.tattooshowtwente.nl\/de_DE\/wp-json\/wp\/v2\/pages\/22","targetHints":{"allow":["GET"]}}],"collection":[{"href":"http:\/\/www.tattooshowtwente.nl\/de_DE\/wp-json\/wp\/v2\/pages"}],"about":[{"href":"http:\/\/www.tattooshowtwente.nl\/de_DE\/wp-json\/wp\/v2\/types\/page"}],"author":[{"embeddable":true,"href":"http:\/\/www.tattooshowtwente.nl\/de_DE\/wp-json\/wp\/v2\/users\/1"}],"replies":[{"embeddable":true,"href":"http:\/\/www.tattooshowtwente.nl\/de_DE\/wp-json\/wp\/v2\/comments?post=22"}],"version-history":[{"count":25,"href":"http:\/\/www.tattooshowtwente.nl\/de_DE\/wp-json\/wp\/v2\/pages\/22\/revisions"}],"predecessor-version":[{"id":184,"href":"http:\/\/www.tattooshowtwente.nl\/de_DE\/wp-json\/wp\/v2\/pages\/22\/revisions\/184"}],"wp:attachment":[{"href":"http:\/\/www.tattooshowtwente.nl\/de_DE\/wp-json\/wp\/v2\/media?parent=22"}],"wp:term":[{"taxonomy":"category","embeddable":true,"href":"http:\/\/www.tattooshowtwente.nl\/de_DE\/wp-json\/wp\/v2\/categories?post=22"},{"taxonomy":"post_tag","embeddable":true,"href":"http:\/\/www.tattooshowtwente.nl\/de_DE\/wp-json\/wp\/v2\/tags?post=22"}],"curies":[{"name":"wp","href":"https:\/\/api.w.org\/{rel}","templated":true}]}}