{"id":18,"date":"2016-10-21T13:56:36","date_gmt":"2016-10-21T13:56:36","guid":{"rendered":"http:\/\/www.tattooshowtwente.nl\/?page_id=18"},"modified":"2017-07-24T11:24:37","modified_gmt":"2017-07-24T11:24:37","slug":"bezoekers","status":"publish","type":"page","link":"http:\/\/www.tattooshowtwente.nl\/de_DE\/bezoekers\/","title":{"rendered":"Besucher"},"content":{"rendered":"<p>Tattoo Show Twente wird gehen um <span id=\"result_box\" class=\"\" lang=\"de\"><span class=\"\">T\u00e4towierung, Piercing,<\/span> <span class=\"\">Autos<\/span>, <span class=\"\">Lifestyle<\/span>, Musik, <span class=\"\">Essen, Trinken<\/span> <span class=\"\">und viel Spa\u00df<\/span><span class=\"\">!<\/span><\/span><\/p>\n<p>Unser Ziel ist einen Show zu haben f\u00fcr jeder Mann und Frau.<br \/> Sie werden staunen \u00fcber die Einrichtungen und Attraktionen.<br \/> F\u00fcr die Kleinsten wird einen separaten Raum eingerichtet wo die spa\u00df haben k\u00f6nnen. Diesen Raum wird geregeld werden durch einen <span id=\"result_box\" class=\"\" lang=\"de\"><span class=\"\">offiziellen<\/span> Kinder Betreuungs Dienst<span class=\"\">. (Kleines Geb\u00fchr is f\u00e4llig wenn Sie es nutzen) <\/span><\/span><\/p>\n<p><span id=\"result_box\" class=\"\" lang=\"de\"><span class=\"\">F\u00fcr Erwachsene gibt es dieses Wochenende einen vollen Programm mit unterschiedliche Shows, Konzerten und T\u00e4towierer.<\/span><\/span><\/p>\n<p><strong>\u00d6ffnungszeiten: <\/strong><\/p>\n<p><strong>Samstag 16 September: 12:00 bis 21:00 Uhr<br \/> Sontag 17 September: 10:00 bis 19:00 Uhr <\/strong><\/p>\n<p><strong><b>Eintritt <\/b>: <\/strong> Tageskarten sind zu kriegen am Eingang w\u00e4hrend Tattoo Show Twente oder im Vorverkauf bei East Side Tattoo, Enschede &amp; Snakebite Tattoo Almelo. <\/p>\n<p>Tageskarte Samstag 16 September oder Sontag 17 September: \u20ac 15,-<br \/> WochenendeKarte (Samstag UND Sontag) : \u20ac 25,-<br \/> Kinder bis 12 Jahre haben freien Eintritt.<br \/> <span id=\"result_box\" class=\"\" lang=\"de\"><span class=\"\">Kinder bis 18 Jahren<\/span> <span class=\"\">m\u00fcssen von einem Eltern<\/span> <span class=\"\">\/<\/span> <span class=\"\">Erziehungsberechtigten begleitet werden<\/span><span class=\"\">.<\/span><\/span><\/p>\n<p>Es kann um<span class=\"\"> einen Ausweis<\/span> <span class=\"\">gebeten werden, <\/span>in Bezug auf <span class=\"\">Alkohol<\/span> was bei dieser Veranstaltung <span class=\"\">zu erhalten ist.<\/span><br \/> <span id=\"result_box\" class=\"short_text\" lang=\"de\"><\/span><\/p>\n<p><span id=\"result_box\" class=\"short_text\" lang=\"de\">Expo Twente ist <span class=\"\">f\u00fcr Rollstuhlfahrer zug\u00e4nglich<\/span><span class=\"\">.<\/span><\/span><\/p>\n<p><span id=\"result_box\" class=\"\" lang=\"de\">Wenn Sie w\u00e4hrend der Show t\u00e4towiert werden m\u00f6chten, empfehlen wir Ihnen Kontakt mit einer der T\u00e4towierer auf zu nehmen bevor der Show stattfindet.<br \/> Auf die Teilnehmer Seite erscheint regelm\u00e4\u00dfig neue T\u00e4towierer, komplett mit ihrer Website. Durch diese Art und Weise k\u00f6nnen Sie in Kontakt mit dem K\u00fcnstler zu bekommen.<br \/> Buchungen sind ein Vertrag zwischen Ihnen und dem <span class=\"\">K\u00fcnstler.<\/span><\/span> Gerne machen wir Ihnen aufmerksam auf unsere Hausordnung!<\/p>\n<p>Haben sie noch Fragen? <span id=\"result_box\" class=\"\" lang=\"de\"><span class=\"\">Bitte kontaktieren Sie<\/span> \u00fcber info@tattooshowtwente.nl<\/span><\/p>\n<p>Wir hoffen Ihnen zu begr\u00fc\u00dfen am 16 oder 17 September in Enschede!<\/p>\n<p><span id=\"result_box\" class=\"\" lang=\"de\">Diese Information wurde sorgf\u00e4ltig zusammengestellt, aber kann noch ge\u00e4ndert werden.<br \/> Wir bitten Ihnen diese Informationen nochmal zu kontrolieren bevor die Veranstaltung platzfindet.<\/span><\/p>\n","protected":false},"excerpt":{"rendered":"<p>Tattoo Show Twente wird gehen um <span id=\"result_box\" class=\"\" lang=\"de\"><span class=\"\">T\u00e4towierung, Piercing,<\/span> <span class=\"\">Autos<\/span>, <span class=\"\">Lifestyle<\/span>, Musik, <span class=\"\">Essen, Trinken<\/span> <span class=\"\">und vie&#8230;<\/p>\n","protected":false},"author":1,"featured_media":0,"parent":0,"menu_order":0,"comment_status":"closed","ping_status":"closed","template":"","meta":{"footnotes":""},"categories":[],"tags":[],"class_list":["post-18","page","type-page","status-publish","hentry"],"_links":{"self":[{"href":"http:\/\/www.tattooshowtwente.nl\/de_DE\/wp-json\/wp\/v2\/pages\/18","targetHints":{"allow":["GET"]}}],"collection":[{"href":"http:\/\/www.tattooshowtwente.nl\/de_DE\/wp-json\/wp\/v2\/pages"}],"about":[{"href":"http:\/\/www.tattooshowtwente.nl\/de_DE\/wp-json\/wp\/v2\/types\/page"}],"author":[{"embeddable":true,"href":"http:\/\/www.tattooshowtwente.nl\/de_DE\/wp-json\/wp\/v2\/users\/1"}],"replies":[{"embeddable":true,"href":"http:\/\/www.tattooshowtwente.nl\/de_DE\/wp-json\/wp\/v2\/comments?post=18"}],"version-history":[{"count":19,"href":"http:\/\/www.tattooshowtwente.nl\/de_DE\/wp-json\/wp\/v2\/pages\/18\/revisions"}],"predecessor-version":[{"id":192,"href":"http:\/\/www.tattooshowtwente.nl\/de_DE\/wp-json\/wp\/v2\/pages\/18\/revisions\/192"}],"wp:attachment":[{"href":"http:\/\/www.tattooshowtwente.nl\/de_DE\/wp-json\/wp\/v2\/media?parent=18"}],"wp:term":[{"taxonomy":"category","embeddable":true,"href":"http:\/\/www.tattooshowtwente.nl\/de_DE\/wp-json\/wp\/v2\/categories?post=18"},{"taxonomy":"post_tag","embeddable":true,"href":"http:\/\/www.tattooshowtwente.nl\/de_DE\/wp-json\/wp\/v2\/tags?post=18"}],"curies":[{"name":"wp","href":"https:\/\/api.w.org\/{rel}","templated":true}]}}